{"id":69,"date":"2016-10-15T13:01:16","date_gmt":"2016-10-15T11:01:16","guid":{"rendered":"http:\/\/www.storkova.cz\/?page_id=69"},"modified":"2021-07-05T17:10:08","modified_gmt":"2021-07-05T15:10:08","slug":"smluvni-pojistovny","status":"publish","type":"page","link":"https:\/\/www.storkova.cz\/?page_id=69","title":{"rendered":"Smluvn\u00ed poji\u0161\u0165ovny"},"content":{"rendered":"<div class=\"entry\">\n<p><img decoding=\"async\" class=\"alignnone size-full wp-image-216\" src=\"https:\/\/www.storkova.cz\/wp-content\/uploads\/2016\/10\/Dot10.png\" alt=\"dot10\" width=\"10\" height=\"10\"> V\u0161eobecn\u00e1 zdravotn\u00ed poji\u0161\u0165ovna \u010cesk\u00e9 republiky 111<br \/>\n<img decoding=\"async\" class=\"alignnone size-full wp-image-216\" src=\"https:\/\/www.storkova.cz\/wp-content\/uploads\/2016\/10\/Dot10.png\" alt=\"dot10\" width=\"10\" height=\"10\"> Vojensk\u00e1 zdravotn\u00ed poji\u0161\u0165ovna 201<br \/>\n<img decoding=\"async\" class=\"alignnone size-full wp-image-216\" src=\"https:\/\/www.storkova.cz\/wp-content\/uploads\/2016\/10\/Dot10.png\" alt=\"dot10\" width=\"10\" height=\"10\"> \u010cesk\u00e1 pr\u016fmyslov\u00e1 zdravotn\u00ed poji\u0161\u0165ovna 205<br \/>\n<img decoding=\"async\" class=\"alignnone size-full wp-image-216\" src=\"https:\/\/www.storkova.cz\/wp-content\/uploads\/2016\/10\/Dot10.png\" alt=\"dot10\" width=\"10\" height=\"10\"> Oborov\u00e1 zdravotn\u00ed poji\u0161\u0165ovna zam\u011bstnanc\u016f bank, poji\u0161\u0165oven a stavebnictv\u00ed 207<br \/>\n<img decoding=\"async\" class=\"alignnone size-full wp-image-216\" src=\"https:\/\/www.storkova.cz\/wp-content\/uploads\/2016\/10\/Dot10.png\" alt=\"dot10\" width=\"10\" height=\"10\"> Zdravotn\u00ed poji\u0161\u0165ovna Ministerstva vnitra 211<\/p>\n<p>&nbsp;<\/p>\n<p>&nbsp;<\/p>\n<p>&nbsp;<\/p>\n<table border=\"none\">\n<tbody>\n<tr>\n<td style=\"border: none;\"><a href=\"https:\/\/www.vzp.cz\/\"><img decoding=\"async\" class=\"alignnone size-full wp-image-233\" src=\"https:\/\/www.storkova.cz\/wp-content\/uploads\/2016\/10\/vzp_150x40.png\" alt=\"vzp_150x40\" width=\"150\" height=\"40\"><\/a><\/td>\n<td style=\"border: none;\"><a href=\"https:\/\/www.vozp.cz\/\"><img decoding=\"async\" class=\"alignnone size-full wp-image-234\" src=\"https:\/\/www.storkova.cz\/wp-content\/uploads\/2016\/10\/vozp_150x40.png\" alt=\"vozp_150x40\" width=\"150\" height=\"40\"><\/a><\/td>\n<td style=\"border: none;\"><a href=\"https:\/\/www.cpzp.cz\/\"><img loading=\"lazy\" decoding=\"async\" class=\"alignnone size-full wp-image-235\" src=\"https:\/\/www.storkova.cz\/wp-content\/uploads\/2016\/10\/cpzp_150x40.png\" alt=\"cpzp_150x40\" width=\"150\" height=\"40\"><\/a><\/td>\n<td style=\"border: none;\"><a href=\"https:\/\/www.ozp.cz\/\"><img loading=\"lazy\" decoding=\"async\" class=\"alignnone size-full wp-image-236\" src=\"https:\/\/www.storkova.cz\/wp-content\/uploads\/2016\/10\/ozp_150x40.png\" alt=\"ozp_150x40\" width=\"150\" height=\"40\"><\/a><\/td>\n<td style=\"border: none;\"><a href=\"https:\/\/www.zpmvcr.cz\/\"><img loading=\"lazy\" decoding=\"async\" class=\"alignnone size-full wp-image-237\" src=\"https:\/\/www.storkova.cz\/wp-content\/uploads\/2016\/10\/zpmv_150x40.png\" alt=\"zpmv_150x40\" width=\"150\" height=\"40\"><\/a><\/td>\n<\/tr>\n<\/tbody>\n<\/table>\n<p>&nbsp;<\/p>\n<p>&nbsp;<\/p>\n<p><a href=\"https:\/\/www.storkova.cz\/?page_id=69\"><img loading=\"lazy\" decoding=\"async\" class=\"alignnone size-full wp-image-129\" src=\"https:\/\/www.storkova.cz\/wp-content\/uploads\/2016\/10\/Blue_Smluvn\u00ed_poji\u0161\u0165ovny_small_crop.png\" alt=\"blue_smluvni_pojistovny_small_crop\" width=\"107\" height=\"94\"><\/a><\/p>\n<\/div>\n","protected":false},"excerpt":{"rendered":"<p>V\u0161eobecn\u00e1 zdravotn\u00ed poji\u0161\u0165ovna \u010cesk\u00e9 republiky 111 Vojensk\u00e1 zdravotn\u00ed poji\u0161\u0165ovna 201 \u010cesk\u00e1 pr\u016fmyslov\u00e1 zdravotn\u00ed poji\u0161\u0165ovna 205 Oborov\u00e1 zdravotn\u00ed poji\u0161\u0165ovna zam\u011bstnanc\u016f bank, poji\u0161\u0165oven a stavebnictv\u00ed 207 Zdravotn\u00ed poji\u0161\u0165ovna Ministerstva vnitra 211 &nbsp; &nbsp; &nbsp; &nbsp; &nbsp;<\/p>\n","protected":false},"author":1,"featured_media":0,"parent":0,"menu_order":0,"comment_status":"closed","ping_status":"closed","template":"","meta":{"_mc_calendar":[],"footnotes":""},"class_list":["post-69","page","type-page","status-publish"],"_links":{"self":[{"href":"https:\/\/www.storkova.cz\/index.php?rest_route=\/wp\/v2\/pages\/69","targetHints":{"allow":["GET"]}}],"collection":[{"href":"https:\/\/www.storkova.cz\/index.php?rest_route=\/wp\/v2\/pages"}],"about":[{"href":"https:\/\/www.storkova.cz\/index.php?rest_route=\/wp\/v2\/types\/page"}],"author":[{"embeddable":true,"href":"https:\/\/www.storkova.cz\/index.php?rest_route=\/wp\/v2\/users\/1"}],"replies":[{"embeddable":true,"href":"https:\/\/www.storkova.cz\/index.php?rest_route=%2Fwp%2Fv2%2Fcomments&post=69"}],"version-history":[{"count":23,"href":"https:\/\/www.storkova.cz\/index.php?rest_route=\/wp\/v2\/pages\/69\/revisions"}],"predecessor-version":[{"id":375,"href":"https:\/\/www.storkova.cz\/index.php?rest_route=\/wp\/v2\/pages\/69\/revisions\/375"}],"wp:attachment":[{"href":"https:\/\/www.storkova.cz\/index.php?rest_route=%2Fwp%2Fv2%2Fmedia&parent=69"}],"curies":[{"name":"wp","href":"https:\/\/api.w.org\/{rel}","templated":true}]}}