{"id":67,"date":"2016-10-15T13:00:26","date_gmt":"2016-10-15T11:00:26","guid":{"rendered":"http:\/\/www.storkova.cz\/?page_id=67"},"modified":"2025-01-03T13:11:17","modified_gmt":"2025-01-03T12:11:17","slug":"ordinacni-doba","status":"publish","type":"page","link":"https:\/\/www.storkova.cz\/?page_id=67","title":{"rendered":"Ordina\u010dn\u00ed doba"},"content":{"rendered":"<div class=\"entry\">\n<table style=\"border: none; width: 400px; bordercolor: #FFFFFF;\">\n<tbody>\nProvozn\u00ed doba je shodn\u00e1 s ordina\u010dn\u00edmi hodinami.<br \/>\n&nbsp;<\/p>\n<tr>\n<td style=\"border: none; padding: 0px 0px 0px 0px;\">Po<\/td>\n<td style=\"border: none; padding: 0px 0px 0px 0px;\">8:00 &#8211; 12:00<\/td>\n<td style=\"border: none; padding: 0px 0px 0px 0px;\">12:30 &#8211; 15:30<\/td>\n<td style=\"border: none; padding: 0px 0px 0px 0px;\">Rakovn\u00edk<\/td>\n<\/tr>\n<tr>\n<td style=\"border: none; padding: 0px 0px 0px 0px;\">\u00dat<\/td>\n<td style=\"border: none; padding: 0px 0px 0px 0px;\">7:00 &#8211; 13:00<\/td>\n<td style=\"border: none; padding: 0px 0px 0px 0px;\">&nbsp;<\/td>\n<td style=\"border: none; padding: 0px 0px 0px 0px;\">Nov\u00e9 Stra\u0161ec\u00ed<\/td>\n<\/tr>\n<tr>\n<td style=\"border: none; padding: 0px 0px 0px 0px;\">St<\/td>\n<td style=\"border: none; padding: 0px 0px 0px 0px;\">8:00 &#8211; 12:00<\/td>\n<td style=\"border: none; padding: 0px 0px 0px 0px;\">12:30 &#8211; 15:30<\/td>\n<td style=\"border: none; padding: 0px 0px 0px 0px;\">Rakovn\u00edk<\/td>\n<\/tr>\n<tr>\n<td style=\"border: none; padding: 0px 0px 0px 0px;\">\u010ct<\/td>\n<td style=\"border: none; padding: 0px 0px 0px 0px;\">7:00 &#8211; 13:00<\/td>\n<td style=\"border: none; padding: 0px 0px 0px 0px;\">&nbsp;<\/td>\n<td style=\"border: none; padding: 0px 0px 0px 0px;\">Nov\u00e9 Stra\u0161ec\u00ed<\/td>\n<\/tr>\n<tr>\n<td style=\"border: none; padding: 0px 0px 0px 0px;\">P\u00e1<\/td>\n<td style=\"border: none; padding: 0px 0px 0px 0px;\">8:00 &#8211; 12:00<\/td>\n<td style=\"border: none; padding: 0px 0px 0px 0px;\">&nbsp;<\/td>\n<td style=\"border: none; padding: 0px 0px 0px 0px;\">Rakovn\u00edk<\/td>\n<\/tr>\n<\/tbody>\n<\/table>\n<p>&nbsp;<\/p>\n<p>&nbsp;<\/p>\n<p>K o\u010dn\u00edmu vy\u0161et\u0159en\u00ed je nutn\u00e9 se p\u0159edem objednat.<br \/>\nV p\u0159\u00edpad\u011b, \u017ee se nedovol\u00e1te, za\u0161lete SMS zpr\u00e1vu.<br \/>\n&nbsp;<br \/>\nV ordina\u010dn\u00edch hodin\u00e1ch se p\u0159ednostn\u011b v\u011bnujeme objednan\u00fdm pacient\u016fm.<\/p>\n<p>&nbsp;<br \/>\n&nbsp;<br \/>\n&nbsp;<br \/>\n&nbsp;<\/p>\n<p><a href=\"https:\/\/www.storkova.cz\/?page_id=67\"><img decoding=\"async\" class=\"alignnone size-full wp-image-127\" src=\"https:\/\/www.storkova.cz\/wp-content\/uploads\/2016\/10\/Blue_Ordina\u010dn\u00ed-doba_small_crop.png\" alt=\"blue_ordinacni-doba_small_crop\" width=\"106\" height=\"82\"><\/a><\/p>\n<\/div>\n","protected":false},"excerpt":{"rendered":"<p>Provozn\u00ed doba je shodn\u00e1 s ordina\u010dn\u00edmi hodinami. &nbsp; Po 8:00 &#8211; 12:00 12:30 &#8211; 15:30 Rakovn\u00edk \u00dat 7:00 &#8211; 13:00 &nbsp; Nov\u00e9 Stra\u0161ec\u00ed St 8:00 &#8211; 12:00 12:30 &#8211; 15:30 Rakovn\u00edk \u010ct 7:00 &#8211; 13:00 &nbsp; Nov\u00e9 Stra\u0161ec\u00ed P\u00e1 8:00 &#8211; 12:00 &nbsp; Rakovn\u00edk &nbsp; &nbsp; K o\u010dn\u00edmu vy\u0161et\u0159en\u00ed je nutn\u00e9 se p\u0159edem objednat. V &#8230;<\/p>\n","protected":false},"author":1,"featured_media":0,"parent":0,"menu_order":0,"comment_status":"closed","ping_status":"closed","template":"","meta":{"_mc_calendar":[],"footnotes":""},"class_list":["post-67","page","type-page","status-publish"],"_links":{"self":[{"href":"https:\/\/www.storkova.cz\/index.php?rest_route=\/wp\/v2\/pages\/67","targetHints":{"allow":["GET"]}}],"collection":[{"href":"https:\/\/www.storkova.cz\/index.php?rest_route=\/wp\/v2\/pages"}],"about":[{"href":"https:\/\/www.storkova.cz\/index.php?rest_route=\/wp\/v2\/types\/page"}],"author":[{"embeddable":true,"href":"https:\/\/www.storkova.cz\/index.php?rest_route=\/wp\/v2\/users\/1"}],"replies":[{"embeddable":true,"href":"https:\/\/www.storkova.cz\/index.php?rest_route=%2Fwp%2Fv2%2Fcomments&post=67"}],"version-history":[{"count":54,"href":"https:\/\/www.storkova.cz\/index.php?rest_route=\/wp\/v2\/pages\/67\/revisions"}],"predecessor-version":[{"id":653,"href":"https:\/\/www.storkova.cz\/index.php?rest_route=\/wp\/v2\/pages\/67\/revisions\/653"}],"wp:attachment":[{"href":"https:\/\/www.storkova.cz\/index.php?rest_route=%2Fwp%2Fv2%2Fmedia&parent=67"}],"curies":[{"name":"wp","href":"https:\/\/api.w.org\/{rel}","templated":true}]}}