{"id":65,"date":"2016-10-15T12:59:15","date_gmt":"2016-10-15T10:59:15","guid":{"rendered":"http:\/\/www.storkova.cz\/?page_id=65"},"modified":"2025-01-03T13:22:17","modified_gmt":"2025-01-03T12:22:17","slug":"co-si-vzit-na-vysetreni","status":"publish","type":"page","link":"https:\/\/www.storkova.cz\/?page_id=65","title":{"rendered":"Co si vz\u00edt na vy\u0161et\u0159en\u00ed"},"content":{"rendered":"<div class=\"entry\">\n<p><img decoding=\"async\" class=\"alignnone size-full wp-image-216\" src=\"https:\/\/www.storkova.cz\/wp-content\/uploads\/2016\/10\/Dot10.png\" alt=\"dot10\" width=\"10\" height=\"10\"> Br\u00fdle, kter\u00e9 nos\u00edte<br \/>\n<img decoding=\"async\" class=\"alignnone size-full wp-image-216\" src=\"https:\/\/www.storkova.cz\/wp-content\/uploads\/2016\/10\/Dot10.png\" alt=\"dot10\" width=\"10\" height=\"10\"> Platnou kartu poji\u0161t\u011bnce a ob\u010dansk\u00fd pr\u016fkaz<br \/>\n<img decoding=\"async\" class=\"alignnone size-full wp-image-216\" src=\"https:\/\/www.storkova.cz\/wp-content\/uploads\/2016\/10\/Dot10.png\" alt=\"dot10\" width=\"10\" height=\"10\"> Seznam l\u00e9k\u016f, kter\u00e9 u\u017e\u00edv\u00e1te (tablety u\u017e\u00edvan\u00e9 celkov\u011b i o\u010dn\u00ed kapky)<br \/>\n<img decoding=\"async\" class=\"alignnone size-full wp-image-216\" src=\"https:\/\/www.storkova.cz\/wp-content\/uploads\/2016\/10\/Dot10.png\" alt=\"dot10\" width=\"10\" height=\"10\"> \u017d\u00e1danku k vy\u0161et\u0159en\u00ed (pokud m\u00e1te vystavenou)<br \/>\n<img decoding=\"async\" class=\"alignnone size-full wp-image-216\" src=\"https:\/\/www.storkova.cz\/wp-content\/uploads\/2016\/10\/Dot10.png\" alt=\"dot10\" width=\"10\" height=\"10\"> V\u00fdpis z dokumentace (pokud p\u0159ech\u00e1z\u00edte od jin\u00e9ho o\u010dn\u00edho l\u00e9ka\u0159e)<\/p>\n<p>&nbsp;<\/p>\n<p>&nbsp;<\/p>\n<p>&nbsp;<\/p>\n<p>&nbsp;<\/p>\n<p>&nbsp;<\/p>\n<p>&nbsp;<\/p>\n<p><a href=\"https:\/\/www.storkova.cz\/?page_id=65\"><img decoding=\"async\" class=\"alignnone size-full wp-image-125\" src=\"https:\/\/www.storkova.cz\/wp-content\/uploads\/2016\/10\/Blue_Co-si-vz\u00edt-na-vy\u0161et\u0159en\u00ed_small_crop.png\" alt=\"blue_co-si-vzit-na-vysetreni_small_crop\" width=\"98\" height=\"106\"><\/a><\/p>\n<\/div>\n","protected":false},"excerpt":{"rendered":"<p>Br\u00fdle, kter\u00e9 nos\u00edte Platnou kartu poji\u0161t\u011bnce a ob\u010dansk\u00fd pr\u016fkaz Seznam l\u00e9k\u016f, kter\u00e9 u\u017e\u00edv\u00e1te (tablety u\u017e\u00edvan\u00e9 celkov\u011b i o\u010dn\u00ed kapky) \u017d\u00e1danku k vy\u0161et\u0159en\u00ed (pokud m\u00e1te vystavenou) V\u00fdpis z dokumentace (pokud p\u0159ech\u00e1z\u00edte od jin\u00e9ho o\u010dn\u00edho l\u00e9ka\u0159e) &nbsp; &nbsp; &nbsp; &nbsp; &nbsp; &nbsp;<\/p>\n","protected":false},"author":1,"featured_media":0,"parent":0,"menu_order":0,"comment_status":"closed","ping_status":"closed","template":"","meta":{"_mc_calendar":[],"footnotes":""},"class_list":["post-65","page","type-page","status-publish"],"_links":{"self":[{"href":"https:\/\/www.storkova.cz\/index.php?rest_route=\/wp\/v2\/pages\/65","targetHints":{"allow":["GET"]}}],"collection":[{"href":"https:\/\/www.storkova.cz\/index.php?rest_route=\/wp\/v2\/pages"}],"about":[{"href":"https:\/\/www.storkova.cz\/index.php?rest_route=\/wp\/v2\/types\/page"}],"author":[{"embeddable":true,"href":"https:\/\/www.storkova.cz\/index.php?rest_route=\/wp\/v2\/users\/1"}],"replies":[{"embeddable":true,"href":"https:\/\/www.storkova.cz\/index.php?rest_route=%2Fwp%2Fv2%2Fcomments&post=65"}],"version-history":[{"count":21,"href":"https:\/\/www.storkova.cz\/index.php?rest_route=\/wp\/v2\/pages\/65\/revisions"}],"predecessor-version":[{"id":422,"href":"https:\/\/www.storkova.cz\/index.php?rest_route=\/wp\/v2\/pages\/65\/revisions\/422"}],"wp:attachment":[{"href":"https:\/\/www.storkova.cz\/index.php?rest_route=%2Fwp%2Fv2%2Fmedia&parent=65"}],"curies":[{"name":"wp","href":"https:\/\/api.w.org\/{rel}","templated":true}]}}