{"id":63,"date":"2016-10-15T12:58:23","date_gmt":"2016-10-15T10:58:23","guid":{"rendered":"http:\/\/www.storkova.cz\/?page_id=63"},"modified":"2025-01-03T13:17:02","modified_gmt":"2025-01-03T12:17:02","slug":"sluzby","status":"publish","type":"page","link":"https:\/\/www.storkova.cz\/?page_id=63","title":{"rendered":"Slu\u017eby"},"content":{"rendered":"<div class=\"entry\">\n<p>Pracovi\u0161t\u011b se specializuje na diagnostiku a l\u00e9\u010dbu o\u010dn\u00edch nemoc\u00ed u pacient\u016f dosp\u011bl\u00e9ho v\u011bku.<br \/>\n&nbsp;<br \/>\n<img decoding=\"async\" class=\"alignnone size-full wp-image-216\" src=\"https:\/\/www.storkova.cz\/wp-content\/uploads\/2016\/10\/Dot10.png\" alt=\"dot10\" width=\"10\" height=\"10\"> M\u011b\u0159en\u00ed dioptrick\u00fdch vad autorefraktometrem<br \/>\n<img decoding=\"async\" class=\"alignnone size-full wp-image-216\" src=\"https:\/\/www.storkova.cz\/wp-content\/uploads\/2016\/10\/Dot10.png\" alt=\"dot10\" width=\"10\" height=\"10\"> Bezdotykov\u00e9 m\u011b\u0159en\u00ed nitroo\u010dn\u00edho tlaku<br \/>\n<img decoding=\"async\" class=\"alignnone size-full wp-image-216\" src=\"https:\/\/www.storkova.cz\/wp-content\/uploads\/2016\/10\/Dot10.png\" alt=\"dot10\" width=\"10\" height=\"10\"> Vy\u0161et\u0159en\u00ed na \u0161t\u011brbinov\u00e9 lamp\u011b<br \/>\n<img decoding=\"async\" class=\"alignnone size-full wp-image-216\" src=\"https:\/\/www.storkova.cz\/wp-content\/uploads\/2016\/10\/Dot10.png\" alt=\"dot10\" width=\"10\" height=\"10\"> Vy\u0161et\u0159en\u00ed o\u010dn\u00edho pozad\u00ed<br \/>\n<img decoding=\"async\" class=\"alignnone size-full wp-image-216\" src=\"https:\/\/www.storkova.cz\/wp-content\/uploads\/2016\/10\/Dot10.png\" alt=\"dot10\" width=\"10\" height=\"10\"> Vy\u0161et\u0159en\u00ed barvocitu<br \/>\n<img decoding=\"async\" class=\"alignnone size-full wp-image-216\" src=\"https:\/\/www.storkova.cz\/wp-content\/uploads\/2016\/10\/Dot10.png\" alt=\"dot10\" width=\"10\" height=\"10\"> Vy\u0161et\u0159en\u00ed zorn\u00e9ho pole po\u010d\u00edta\u010dov\u00fdm perimetrem<br \/>\n<img decoding=\"async\" class=\"alignnone size-full wp-image-216\" src=\"https:\/\/www.storkova.cz\/wp-content\/uploads\/2016\/10\/Dot10.png\" alt=\"dot10\" width=\"10\" height=\"10\"> Diagnostika a l\u00e9\u010dba glaukomu (zelen\u00e9ho z\u00e1kalu)<br \/>\n<img decoding=\"async\" class=\"alignnone size-full wp-image-216\" src=\"https:\/\/www.storkova.cz\/wp-content\/uploads\/2016\/10\/Dot10.png\" alt=\"dot10\" width=\"10\" height=\"10\"> Vy\u0161et\u0159en\u00ed a zprost\u0159edkov\u00e1n\u00ed operace \u0161ed\u00e9ho z\u00e1kalu, s\u00edtnice a sklivce, zprost\u0159edkov\u00e1n\u00ed refrak\u010dn\u00edch operac\u00ed (odstra\u0148ov\u00e1n\u00ed dioptri\u00ed)<br \/>\n<img decoding=\"async\" class=\"alignnone size-full wp-image-216\" src=\"https:\/\/www.storkova.cz\/wp-content\/uploads\/2016\/10\/Dot10.png\" alt=\"dot10\" width=\"10\" height=\"10\"> P\u00e9\u010de o pacienty po operaci<br \/>\n<img decoding=\"async\" class=\"alignnone size-full wp-image-216\" src=\"https:\/\/www.storkova.cz\/wp-content\/uploads\/2016\/10\/Dot10.png\" alt=\"dot10\" width=\"10\" height=\"10\"> Vy\u0161et\u0159en\u00ed pro intern\u00ed, diabetologick\u00e9, endokrinologick\u00e9 a neurologick\u00e9 ambulance<br \/>\n<img decoding=\"async\" class=\"alignnone size-full wp-image-216\" src=\"https:\/\/www.storkova.cz\/wp-content\/uploads\/2016\/10\/Dot10.png\" alt=\"dot10\" width=\"10\" height=\"10\"> Vstupn\u00ed prohl\u00eddky pro zam\u011bstnavatele<\/p>\n<p>&nbsp;<\/p>\n<p><a href=\"https:\/\/www.storkova.cz\/wp-content\/uploads\/2016\/10\/Blue_Slu\u017eby_small_crop.png\"><img decoding=\"async\" class=\"alignnone size-full wp-image-123\" src=\"https:\/\/www.storkova.cz\/wp-content\/uploads\/2016\/10\/Blue_Slu\u017eby_small_crop.png\" alt=\"blue_sluzby_small_crop\" width=\"105\" height=\"100\"><\/a><\/p>\n<\/div>\n","protected":false},"excerpt":{"rendered":"<p>Pracovi\u0161t\u011b se specializuje na diagnostiku a l\u00e9\u010dbu o\u010dn\u00edch nemoc\u00ed u pacient\u016f dosp\u011bl\u00e9ho v\u011bku. &nbsp; M\u011b\u0159en\u00ed dioptrick\u00fdch vad autorefraktometrem Bezdotykov\u00e9 m\u011b\u0159en\u00ed nitroo\u010dn\u00edho tlaku Vy\u0161et\u0159en\u00ed na \u0161t\u011brbinov\u00e9 lamp\u011b Vy\u0161et\u0159en\u00ed o\u010dn\u00edho pozad\u00ed Vy\u0161et\u0159en\u00ed barvocitu Vy\u0161et\u0159en\u00ed zorn\u00e9ho pole po\u010d\u00edta\u010dov\u00fdm perimetrem Diagnostika a l\u00e9\u010dba glaukomu (zelen\u00e9ho z\u00e1kalu) Vy\u0161et\u0159en\u00ed a zprost\u0159edkov\u00e1n\u00ed operace \u0161ed\u00e9ho z\u00e1kalu, s\u00edtnice a sklivce, zprost\u0159edkov\u00e1n\u00ed refrak\u010dn\u00edch operac\u00ed (odstra\u0148ov\u00e1n\u00ed &#8230;<\/p>\n","protected":false},"author":1,"featured_media":0,"parent":0,"menu_order":0,"comment_status":"closed","ping_status":"closed","template":"","meta":{"_mc_calendar":[],"footnotes":""},"class_list":["post-63","page","type-page","status-publish"],"_links":{"self":[{"href":"https:\/\/www.storkova.cz\/index.php?rest_route=\/wp\/v2\/pages\/63","targetHints":{"allow":["GET"]}}],"collection":[{"href":"https:\/\/www.storkova.cz\/index.php?rest_route=\/wp\/v2\/pages"}],"about":[{"href":"https:\/\/www.storkova.cz\/index.php?rest_route=\/wp\/v2\/types\/page"}],"author":[{"embeddable":true,"href":"https:\/\/www.storkova.cz\/index.php?rest_route=\/wp\/v2\/users\/1"}],"replies":[{"embeddable":true,"href":"https:\/\/www.storkova.cz\/index.php?rest_route=%2Fwp%2Fv2%2Fcomments&post=63"}],"version-history":[{"count":26,"href":"https:\/\/www.storkova.cz\/index.php?rest_route=\/wp\/v2\/pages\/63\/revisions"}],"predecessor-version":[{"id":656,"href":"https:\/\/www.storkova.cz\/index.php?rest_route=\/wp\/v2\/pages\/63\/revisions\/656"}],"wp:attachment":[{"href":"https:\/\/www.storkova.cz\/index.php?rest_route=%2Fwp%2Fv2%2Fmedia&parent=63"}],"curies":[{"name":"wp","href":"https:\/\/api.w.org\/{rel}","templated":true}]}}